
{"id":48,"date":"2018-07-09T13:42:44","date_gmt":"2018-07-09T11:42:44","guid":{"rendered":"http:\/\/www.herrenabend-sport-verein.de\/?page_id=48"},"modified":"2018-07-09T19:55:55","modified_gmt":"2018-07-09T17:55:55","slug":"regeln","status":"publish","type":"page","link":"https:\/\/www.herrenabend-sport-verein.de\/index.php\/regeln\/","title":{"rendered":"Regeln"},"content":{"rendered":"<table border=\"0\" width=\"82%\">\n<tbody>\n<tr class=\"trbdark\">\n<td width=\"32%\"><b>Thema<\/b><\/td>\n<td width=\"54%\"><b>Regel<\/b><\/td>\n<\/tr>\n<tr class=\"trdark\">\n<td><b>Transfersummen<\/b><\/td>\n<td>werden bekanntgegeben.<\/td>\n<\/tr>\n<tr class=\"trlight\">\n<td><b>Computer-Angebot<\/b><\/td>\n<td>15 Spieler auf dem TM<\/td>\n<\/tr>\n<tr class=\"trdark\">\n<td><b>Mitspieler-Angebot<\/b><\/td>\n<td>max. 10 Spieler auf dem TM<\/td>\n<\/tr>\n<tr class=\"trlight\">\n<td><b>Gebotsg\u00fcltigkeit<\/b><\/td>\n<td>3 Tage<\/td>\n<\/tr>\n<tr class=\"trdark\">\n<td><b>Spieler-Mindestverbleib<\/b><\/td>\n<td>entf\u00e4llt, gekaufte Spieler k\u00f6nnen SOFORT wieder auf den TM gesetzt werden.<\/td>\n<\/tr>\n<tr class=\"trlight\">\n<td><b>Transferfrist<\/b><\/td>\n<td>entf\u00e4llt ebenfalls, es darf w\u00e4hrend der Saison und in den Saisonpausen permanent gekauft und verkauft werden.<\/td>\n<\/tr>\n<tr class=\"trdark\">\n<td><b>R\u00fcckg\u00e4ngigmachen<br \/>\nvon Transfers<\/b><\/td>\n<td>Wird von Fall zu Fall entschieden. Bei Spieltagsbeginn eh zu sp\u00e4t, wenn man im Minus ist. Jeder ist selbst f\u00fcr den Ausgleich seines Kontos verantwortlich!<\/td>\n<\/tr>\n<tr class=\"trlight\">\n<td><b>Aufsteiger<\/b><\/td>\n<td>erhalten NACH Saison\u00fcbergang 20 Mio + Mannschaft + und\u00a0<span style=\"color: #ffff00;\">nur wenn in der ersten Liga\u00a0<i>&#8222;Teams behalten&#8220;<\/i>\u00a0gespielt wird<\/span>\u00a0eine Aufstiegspr\u00e4mie (siehe\u00a0<a href=\"http:\/\/www.herrenabend-sport-verein.de\/static\/index.php?site=liga2\" target=\"_self\">2. Liga<\/a>)<\/td>\n<\/tr>\n<tr class=\"trdark\">\n<td><b>Saison\u00fcbergang<\/b><\/td>\n<td>in die Saison 2008\/09:<br \/>\n1. Liga: Neue Teams, 20 Mio., Budgetausgleich<br \/>\n2. Liga: 5 behalten, 10 zulosen, 9 Mio.in die Saison 2009\/10:<br \/>\n1. Liga: Teams behalten<\/td>\n<\/tr>\n<tr class=\"trlight\">\n<td><b>Pr\u00e4mien\/Gutschriften<\/b><\/td>\n<td>sind die absolute Ausnahme. Sie erfolgen nur im Rahmen des Pokals und bei Tipp-Spielen sowie &#8211; je nach Saison\u00fcbergang &#8211; im Aufstiegsfall (siehe Button &#8222;2.\u00a0H.-S.-V.-Liga&#8220;).<\/td>\n<\/tr>\n<tr class=\"trdark\">\n<td><b>Strafen<\/b><\/td>\n<td>erfolgen ebenfalls nur ausnahmsweise, z.B. f\u00fcr s\u00e4umige Zahler des Saisonbeitrages und f\u00fcr ganz schlimme Teamnamen (1 Mio. pro Spieltag mit miesem Namen), in aller Regel wird die Strafe erstattet, sobald das Fehlverhalten abgestellt\/die Zahlung nachgeholt worden ist.<\/td>\n<\/tr>\n<tr class=\"trlight\">\n<td><b>Leihgesch\u00e4fte I<br \/>\n(\u00d6ffentlichkeit)<\/b><\/td>\n<td>Damit alle Mitspieler Bescheid wissen \u00fcber das Leihgesch\u00e4ft, sollten alle Modalit\u00e4ten (im wesentlichen Leihfrist und Leihdauer, s.u.) \u00f6ffentlich gemacht werden. Notfalls im Com-Newsboard, lieber s\u00e4he ich es nat\u00fcrlich im Forum im\u00a0<a href=\"http:\/\/www.herrenabend-sport-verein.de\/forum\/viewtopic.php?t=148\">Thread &#8222;Leihgesch\u00e4fte&#8220;<\/a>. So kann man von vornherein verhindern, dass einem &#8222;Mauschelei&#8220; vorgeworfen wird.<\/td>\n<\/tr>\n<tr class=\"trdark\">\n<td><b>Leihgesch\u00e4fte II<br \/>\n(Kenntlichmachung)<\/b><\/td>\n<td>Damit alle im Bilde sind, dass ein Spieler nur verliehen werden soll, sollte am Ende des Richtpreises auf dem Transfermarkt die Zahlen-Combo &#8222;<b>789<\/b>&#8220; stehen.\u00a0<b>Beispiel<\/b>: Ich will St\u00fcrmer XYZ (Marktwert 500.000, gew\u00fcnschte Leihgeb\u00fchr 100.000) verleihen, trage also als Richtpreis z.B. 100.789 Euro ein. Dann wissen alle Bescheid, dass es um Leihe und nicht um einen Verkauf geht.<\/td>\n<\/tr>\n<tr class=\"trlight\">\n<td><b>Leihgesch\u00e4fte III<br \/>\n(R\u00fcckabwicklung)<\/b><\/td>\n<td>Auch hier w\u00e4re es gut, nach Ablauf der Leihfrist durch Zahlencombo &#8222;<b>789<\/b>&#8220; am Ende des Richtpreises kenntlich zu machen, dass es nur um eine R\u00fcckabwicklung geht. Sagen wir mal als\u00a0<b>Beispiel<\/b>: Team 08\/15 hat Spieler XYZ von mir geliehen. 100.789 gingen \u00fcber den Tisch. Vereinbart wurde eine Leihgeb\u00fchr (s.u.) von 100.000 (also ein R\u00fcckkauf durch mich f\u00fcr 789). Leihfrist ist abgelaufen. Damit alle wissen, dass der Spieler nicht verkauft, sondern nur zur\u00fcckgegeben werden soll, setzt 08\/15 ihn f\u00fcr 789 auf die Transe. Gebote anderer Mitspieler\/vom Computer muss Manager 08\/15 nat\u00fcrlich unabh\u00e4ngig von der H\u00f6he und dem Marktwert ignorieren, weil der Spieler ja noch immer mir geh\u00f6rt! Ich biete also 789 und erhalte meinen Spieler zur\u00fcck und habe wie verhandelt 100.000 Gewinn gemacht durch die Leihgeb\u00fchr.<\/td>\n<\/tr>\n<tr class=\"trdark\">\n<td><b>Leihgesch\u00e4fte IV<br \/>\n(Mindestleihgeb\u00fchr)<\/b><\/td>\n<td>Die Leihgeb\u00fchr ist nat\u00fcrlich grunds\u00e4tzlich Sache der Vertragsparteien, also Verhandlungssache. Aber dringend empfohlen wird, dass die Leihgeb\u00fchr nicht unter 10% des Richtpreises betr\u00e4gt, den der Spieler bei Beginn der Ausleihe hat. Im obigen Beispiel w\u00e4re die Mindestgeb\u00fchr also 50.000. Ausnahme Graupen (Spieler mit Marktwert unter 250.000): Absolutes Minimum sollten 25.000 sein, auch bei einem Spieler, der nur 160.000 Marktwert hat.<\/td>\n<\/tr>\n<tr class=\"trlight\">\n<td><b>Leihgesch\u00e4fte V<br \/>\n(Leihfrist)<\/b><\/td>\n<td>Empfohlen wird eine Mindestleihfrist von 5 Spieltagen. Um z.\u00a0B. einer Verzerrung des Saison\u00fcberganges bei Variante &#8222;5 behalten&#8220; vorzubeugen, sollte eine Leihe nicht l\u00e4nger gehen als bis zum Saisonende. Also: keine Leihe vom 33. Spieltag einer Saison bis zum 4. der Folgesaison!<\/td>\n<\/tr>\n<tr class=\"trdark\">\n<td><b>Leihgesch\u00e4fte VI<br \/>\n(Sondervereinbarungen)<\/b><\/td>\n<td>Aufgrund des Prinzips der Vertragsfreiheit k\u00f6nnen Sondervereinbarungen getroffen werden wie z.\u00a0B. eine Kaufoption. Wichtig ist, dass solche Regelungen ebenso wie Leihsumme und Leihfrist \u00f6ffentlich gemacht werden. Denn wenn alle Mitspieler Zeugen sind, kann es keinen Streit wegen solcher Sondervereinbarungen geben.<\/td>\n<\/tr>\n<tr class=\"trlight\">\n<td><b>Zul\u00e4ssige<br \/>\nMannschaftsnamen<\/b><\/td>\n<td>Gem\u00e4\u00df\u00a0<b>Mehrheitsbeschluss<\/b>\u00a0der H.-S.-V.-Meisterfeier\u00a005\/06 muss jeder Manager seinem Team einen\u00a0<b>&#8222;fu\u00dfballvereinsm\u00e4\u00dfigen&#8220; Mannschaftsnamen<\/b>\u00a0geben. Der Name sollte\u00a0<i>idealerweise<\/i><br \/>\n<b>1.<\/b>\u00a0ein\u00a0<b>Fu\u00dfballvereinsattribut<\/b>\u00a0<b>oder einen Sponsorennamen<\/b>\u00a0enthalten wie z.\u00a0B.: Cosmos, FC, FV, Dynamo, Krombacher, Lokomotive, Roter Stern, SC, SpVgg, Sturm, SV, Wacker. Phantasie ist gew\u00fcnscht und kann geduldet werden wie z. B. bei: AltEi, Hotspargels, Wacker-Gr\u00e4tsche.<br \/>\n<b>2.<\/b>\u00a0einen\u00a0<b>Ortsnamen<\/b>\u00a0enthalten wie z.\u00a0B.: Kiel, Klausdorf, Laboe, Pl\u00f6n, Hamburg. Auch hier kann ein Phantasiename geduldet werden wie z.\u00a0B. bei: Bembeltown oder Tottiham.<br \/>\n<b>ACHTUNG: Wenn weder Bedingung 1 noch Bedingung 2 erf\u00fcllt ist, gilt der Mannschaftsname als\u00a0<i>&#8222;ganz schlimmer Teamname&#8220;<\/i>\u00a0und wird pro Spieltag mit 1\u00a0Mio. Euro bestraft!<\/b><br \/>\n<span style=\"color: #00ff00;\"><b>Unbedenkliche Mannschaftsnamen<\/b><\/span><br \/>\n1. FC Entenhausen (quak, quak)<br \/>\nAltEi Laboe (historisch begr\u00fcndbar)<br \/>\nCosmos Kiel (jetzt besser)<br \/>\nFV Adler Bembeltown (gut so)<br \/>\nGothic Pandaemonium SC (stattgegeben)<br \/>\nKrombacher Elf (Elf kein Ort, aber okay)<br \/>\nOffenehose Braunschweig (sehr passend)<br \/>\nRoter Stern Kiel 01 (noch Fragen?)<br \/>\nSC Arsch offen Uli Hoeness K\u00f6ln (1A!)<br \/>\nSturm Graf (Graf kein Ort, Name aber Kult)<br \/>\nTottiham Hotspargels (coolest Name ever)<br \/>\nWacker-Gr\u00e4tsche Pl\u00f6n (best Name MF 04\/05)<br \/>\n<b><span style=\"color: #ffff00;\">Grenzwertige Mannschaftsnamen<\/span><\/b><br \/>\nBravehearts United (nur 2 erf\u00fcllt, lang lebe Mel Gibson)<br \/>\nDeportivo Corinthians El Nini\u00f3 (nur 1 erf\u00fcllt, was habt Ihr nur mit dem Wetterph\u00e4nomen)<br \/>\nDynamo Knodel (nur 1 erf\u00fcllt, Dynamo Kiel w\u00e4re doch geil wegen Kiew)<br \/>\nSpVgg El Loddar (nur 1 erf\u00fcllt, Rest bescheuert)<br \/>\n<span style=\"color: #ff3300;\"><b>Unzul\u00e4ssige Mannschaftsnamen<br \/>\n<\/b><\/span>derzeit keine!<\/td>\n<\/tr>\n<tr class=\"trdark\">\n<td><b>Frist f\u00fcr zul\u00e4ssige Mannschaftsnamen<\/b><\/td>\n<td>Jeder Manager muss am\u00a0<b>Donnerstag vor dem Bundesliga-Spieltag um 12.00 mittags<\/b>\u00a0einen zul\u00e4ssigen Mannschaftsnamen haben, um nicht bestraft zu werden. Wenn er nach Donnerstag, 12.00 mit einem unzul\u00e4ssigen Namen erwischt wird, verh\u00e4ngt einer der Com-Leiter die Strafe. Im Falle\u00a0<b>englischer Wochen<\/b>\u00a0gilt der\u00a0<b>Montag<\/b>\u00a0als Donnerstag.<\/td>\n<\/tr>\n<tr class=\"trlight\">\n<td><b>H\u00f6he Saisonbeitrag<\/b><\/td>\n<td>10 Euro<\/td>\n<\/tr>\n<tr class=\"trdark\">\n<td><b>Beitragserm\u00e4\u00dfigung<\/b><\/td>\n<td>gibt es nicht!<\/td>\n<\/tr>\n<tr class=\"trlight\">\n<td><b>Frist Saisonbeitrag<\/b><\/td>\n<td>bis zur Winterpause der Bundesliga<\/td>\n<\/tr>\n<tr class=\"trdark\">\n<td><b>Zweck Saisonbeitrag<\/b><\/td>\n<td>Das Geld wird in Pokale f\u00fcr die Meisterschaft, die Pl\u00e4tze 2 und 3 sowie den H.-S.-V.-Pokal und nat\u00fcrlich die Meisterfeier investiert(inklusive einer roten Grillzange f\u00fcr den letzplatzierten Feier-Teilnehmer)!<\/td>\n<\/tr>\n<tr class=\"trlight\">\n<td><b>Konto Saisonbeitrag<\/b><\/td>\n<td>Bankdaten zu erfragen bei Communityleiter\u00a0<a href=\"mailto:s.graf@loscondes.de\">simon1 a.k.a. Sturm Graf<\/a>!<\/td>\n<\/tr>\n<tr class=\"trdark\">\n<td><b>S\u00e4umige Zahler<\/b><\/td>\n<td>F\u00fcr versp\u00e4tete Zahlungen wird den s\u00e4umigen Mitspielern nach der Winterpause pro Spieltag 1 Mio. Euro vom Konto abgezogen und erst nach Zahlung der 10 Euro wieder gutgeschrieben.<\/td>\n<\/tr>\n<tr class=\"trlight\">\n<td><b>Termin\/Ort Meisterfeier<\/b><\/td>\n<td><b>Termin<\/b>: zweiter Samstag im Juni 2008<br \/>\n<b>Ort<\/b>: wird noch gesucht und hoffentlich dieses Mal vorher gefunden!!!<\/td>\n<\/tr>\n<tr class=\"trdark\">\n<td><b>Communityleiter<\/b><\/td>\n<td><a href=\"mailto:s.graf@loscondes.de\">Gerhard Mayer-Vorfelder (Sturm Graf)<\/a><br \/>\n&amp; \u00a0\u00a0<a href=\"mailto:TheRyk@herrenabend-sport-verein.de\">Theo Zwanziger (Roter Stern Kiel 01)<\/a><\/td>\n<\/tr>\n<\/tbody>\n<\/table>\n","protected":false},"excerpt":{"rendered":"<p>Thema Regel Transfersummen werden bekanntgegeben. Computer-Angebot 15 Spieler auf dem TM Mitspieler-Angebot max. 10 Spieler auf dem TM Gebotsg\u00fcltigkeit 3 Tage Spieler-Mindestverbleib entf\u00e4llt, gekaufte Spieler k\u00f6nnen SOFORT wieder auf den TM gesetzt werden. Transferfrist entf\u00e4llt ebenfalls, es darf w\u00e4hrend der Saison und in den Saisonpausen permanent gekauft und verkauft werden. R\u00fcckg\u00e4ngigmachen von Transfers Wird von &hellip; <a href=\"https:\/\/www.herrenabend-sport-verein.de\/index.php\/regeln\/\" class=\"more-link\"><span class=\"screen-reader-text\">Regeln<\/span> weiterlesen<\/a><\/p>\n","protected":false},"author":1,"featured_media":0,"parent":0,"menu_order":0,"comment_status":"closed","ping_status":"closed","template":"","meta":[],"_links":{"self":[{"href":"https:\/\/www.herrenabend-sport-verein.de\/index.php\/wp-json\/wp\/v2\/pages\/48"}],"collection":[{"href":"https:\/\/www.herrenabend-sport-verein.de\/index.php\/wp-json\/wp\/v2\/pages"}],"about":[{"href":"https:\/\/www.herrenabend-sport-verein.de\/index.php\/wp-json\/wp\/v2\/types\/page"}],"author":[{"embeddable":true,"href":"https:\/\/www.herrenabend-sport-verein.de\/index.php\/wp-json\/wp\/v2\/users\/1"}],"replies":[{"embeddable":true,"href":"https:\/\/www.herrenabend-sport-verein.de\/index.php\/wp-json\/wp\/v2\/comments?post=48"}],"version-history":[{"count":2,"href":"https:\/\/www.herrenabend-sport-verein.de\/index.php\/wp-json\/wp\/v2\/pages\/48\/revisions"}],"predecessor-version":[{"id":132,"href":"https:\/\/www.herrenabend-sport-verein.de\/index.php\/wp-json\/wp\/v2\/pages\/48\/revisions\/132"}],"wp:attachment":[{"href":"https:\/\/www.herrenabend-sport-verein.de\/index.php\/wp-json\/wp\/v2\/media?parent=48"}],"curies":[{"name":"wp","href":"https:\/\/api.w.org\/{rel}","templated":true}]}}