
{"id":22,"date":"2018-07-09T13:40:48","date_gmt":"2018-07-09T11:40:48","guid":{"rendered":"http:\/\/www.herrenabend-sport-verein.de\/?page_id=22"},"modified":"2018-07-09T19:57:42","modified_gmt":"2018-07-09T17:57:42","slug":"hilfe-faq","status":"publish","type":"page","link":"https:\/\/www.herrenabend-sport-verein.de\/index.php\/hilfe-faq\/","title":{"rendered":"Hilfe \/ FAQ"},"content":{"rendered":"<table border=\"0\" width=\"82%\">\n<tbody>\n<tr class=\"trbdark\">\n<td align=\"left\" width=\"24%\"><b>Thema\/Frage<\/b><\/td>\n<td align=\"right\" width=\"86%\"><b>Erkl\u00e4rung\/Antwort<\/b><\/td>\n<\/tr>\n<tr class=\"trdark\">\n<td><b>Probleme beim Anzeigen dieser Homepage (Aufl\u00f6sung, Browser, Java etc.)<\/b><\/td>\n<td><b>Dringend empfohlen<\/b>\u00a0wird eine Bildschirmaufl\u00f6sung von\u00a0<b>1024\u00a0X\u00a0768<\/b>\u00a0<b>Pixels!<\/b>\u00a0Bei einer niedrigeren Aufl\u00f6sung kann die Navigation behindert werden, etwa weil Bildlaufleisten fehlen oder an Orten auftauchen, an denen sie st\u00f6ren.\u00a0\u00a0<b>Wie pr\u00fcfe bzw. \u00e4ndere ich meine Bildschirmaufl\u00f6sung?<br \/>\nGanz einfach<\/b>:\u00a0<b>Rechtsklick<\/b>\u00a0auf\u00a0<b>Desktop<\/b>\u00a0(Hintergrundbild) -&gt;\u00a0<b>Eigenschaften\u00a0<\/b>-&gt;\u00a0<b>Einstellungen<\/b>. Diese Seite wurde optimiert f\u00fcr\u00a0<b>Firefox 1.5<\/b>+ bzw.\u00a0<b>IE 7.0+\u00a0<\/b>und\u00a0<b><\/b><b>Netscape 7.0+<\/b>. Mit anderen Browsern wie Opera, Safari (Mac) etc. sollten keine gravierenden Probleme auftreten.\u00a0Bei Safari sind minimale Darstellungsfehler (wei\u00dfe R\u00e4nder bei gesplittetem Mainframe) aufgetreten, deren Behebung angesichts der geringen Verbreitung des Browsers f\u00fcr zu aufw\u00e4ndig gehalten wird. Einige Elemente dieser Seite wurden in\u00a0<b>Java-Script<\/b>\u00a0programmiert, daher muss die Java-Software im Betriebssystem installiert und Java-Script im Browser aktiviert sein. Auf der Homepage der Firma Sun Microsystems kann man die Java-Software kostenlos herunterladen, klicke bei Bedarf\u00a0<a href=\"http:\/\/www.java.com\/de\/download\/manual.jsp\" target=\"_blank\" rel=\"noopener\">hier<\/a>.<\/td>\n<\/tr>\n<tr class=\"trlight\">\n<td><b>Profilgenerator<\/b>\u00a0<b>(Aufstellung im comunio-<\/b>\u00a0<b>Profil anzeigen)<\/b><\/td>\n<td>So generierst Du ein comunio-Profil mit voraussichtlicher Aufstellung und Spielerwappen: Klicke auf den\u00a0<a href=\"http:\/\/www.herrenabend-sport-verein.de\/dynamic\/profilgen\">Profilgenerator<\/a>\u00a0und folge den dortigen Anweisungen. Der Generator erstellt nach Deinen W\u00fcnschen den HTML-Code, den Du dann nur noch kopieren und \u00fcber Verwaltung &#8211;&gt; Benutzerdaten \u00e4ndern &#8211;&gt; Profil einsetzen musst. Es ist wirklich selbst f\u00fcr Unbedarfte gut erkl\u00e4rt und dauert nur wenige Minuten.<b><span style=\"color: #ffff00;\">Wichtig<\/span><\/b><span style=\"color: #ffff00;\">: Probleme, Lob, Kritik, Fragen etc. zum Profilgenerator bitte im\u00a0<a href=\"http:\/\/www.comunio.de\/external\/phpBB2\/viewtopic.php?t=290071\">Comunio-Forum &#8222;Zusatzdienste&#8220;<\/a>\u00a0besprechen. Dort wird der Macher des neuen Profilgenerators versuchen, zeitnah auf Eure Fragen einzugehen (und das ist nicht TheRyk aka Roter Stern Kiel, sondern zaphod80 aka bullets aka\u00a0<a href=\"mailto:lokomotive@herrenabend-sport-verein.de\">Lokomotive Klausdorf<\/a>). Das H.-S.-V.-Guestbook ist nicht der richtige Ort daf\u00fcr und TheRyk nicht der optimale Ansprechpartner.<\/span><\/td>\n<\/tr>\n<tr class=\"trdark\">\n<td><b>Angaben machen f\u00fcr die Sektion Mitglieder<\/b><\/td>\n<td>Folge diesen Anweisungen, um auch endlich in der Sektion Mitglieder mit Deinen Vereinsdaten vertreten zu sein:<br \/>\n1. Mitglied<b>\u00a0sein<\/b>. Neuaufnahmen nur \u00fcber\u00a0<a href=\"http:\/\/www.herrenabend-sport-verein.de\/static\/index.php?site=liga2\">2. Liga<\/a>. 2. In der Download-Sektion die Datei &#8222;<b>Mitgliederdaten.doc<\/b>&#8220;\u00a0 herunterladen. 3. Der\u00a0<b>Anleitung<\/b>\u00a0folgen und das Dokument mit Deinen Angaben\u00a0<b>ausf\u00fcllen<\/b>. 4. Das ausgef\u00fcllte Dokument\u00a0<b>speichern (!)<\/b>\u00a0und es (egal ob gepackt oder ungepackt)\u00a0<b>e-mailen<\/b>\u00a0an\u00a0<a href=\"mailto:TheRyk@herrenabend-sport-verein.de\">TheRyk<\/a>. 5. Etwas\u00a0<b>Geduld<\/b>\u00a0haben, bis Deine Angaben hier eingebaut werden.<\/td>\n<\/tr>\n<tr class=\"trlight\">\n<td><b>H.-S.-V.-<br \/>\nBanner bei comunio in die Signatur oder das\u00a0 Profil einf\u00fcgen<\/b><\/td>\n<td>Insbesondere von den Mitgliedern der Com &#8222;Herrenabend-Sport-Verein&#8220; erwarte ich nat\u00fcrlich, dass sie bei comunio auf unsere Homepage verweisen. &#8222;<b>Wie geht das?<\/b>&#8220; werde ich da von selbsterkl\u00e4rten &#8222;Nicht-Trekkies&#8220; (lt. Gothic Pandaemonium SC = nur m\u00e4\u00dfig erfahrener PC-User) gefragt.\u00a0<b>Ganz einfach<\/b>: bei comunio einloggen, erst auf &#8222;<b>Verwaltung<\/b>&#8222;, dann auf &#8222;<b>Benutzerdaten \u00e4ndern<\/b>&#8220; klicken und bitte nicht aus Versehen vor lauter Aufregung den eigenen Account l\u00f6schen, sondern cool bleiben und jeweils folgenden Text in die Felder\u00a0<b>Signatur<\/b>\u00a0und\u00a0<b>Profil<\/b>\u00a0einf\u00fcgen<br \/>\n<b>&lt;p align=&#8220;center&#8220;&gt;&lt;a href=&#8220;http:\/\/www.herrenabend-sport-verein.de&#8220;&gt;&lt;img border=&#8220;0&#8243; src=&#8220;http:\/\/www.herrenabend-sport-verein.de\/img\/HSVban.gif&#8220; width=&#8220;468&#8243; height=&#8220;60&#8243;&gt;&lt;\/a&gt;&lt;\/p&gt;<\/b><br \/>\n(am einfachsten: hier mit der Maus markieren, STRG+C f\u00fcr &#8222;Kopieren&#8220; dr\u00fccken und bei comunio mit STRG+V oder auch SHIFT+Einfg einf\u00fcgen)<\/td>\n<\/tr>\n<tr class=\"trdark\">\n<td><b>Webmaster &amp; Leitgazelle<\/b><\/td>\n<td><a href=\"mailto:TheRyk@herrenabend-sport-verein.de\">TheRyk a.k.a. Roter Stern Kiel 01<\/a><\/td>\n<\/tr>\n<\/tbody>\n<\/table>\n","protected":false},"excerpt":{"rendered":"<p>Thema\/Frage Erkl\u00e4rung\/Antwort Probleme beim Anzeigen dieser Homepage (Aufl\u00f6sung, Browser, Java etc.) Dringend empfohlen\u00a0wird eine Bildschirmaufl\u00f6sung von\u00a01024\u00a0X\u00a0768\u00a0Pixels!\u00a0Bei einer niedrigeren Aufl\u00f6sung kann die Navigation behindert werden, etwa weil Bildlaufleisten fehlen oder an Orten auftauchen, an denen sie st\u00f6ren.\u00a0\u00a0Wie pr\u00fcfe bzw. \u00e4ndere ich meine Bildschirmaufl\u00f6sung? Ganz einfach:\u00a0Rechtsklick\u00a0auf\u00a0Desktop\u00a0(Hintergrundbild) -&gt;\u00a0Eigenschaften\u00a0-&gt;\u00a0Einstellungen. Diese Seite wurde optimiert f\u00fcr\u00a0Firefox 1.5+ bzw.\u00a0IE 7.0+\u00a0und\u00a0Netscape 7.0+. Mit &hellip; <a href=\"https:\/\/www.herrenabend-sport-verein.de\/index.php\/hilfe-faq\/\" class=\"more-link\"><span class=\"screen-reader-text\">Hilfe \/ FAQ<\/span> weiterlesen<\/a><\/p>\n","protected":false},"author":1,"featured_media":0,"parent":0,"menu_order":0,"comment_status":"closed","ping_status":"closed","template":"","meta":[],"_links":{"self":[{"href":"https:\/\/www.herrenabend-sport-verein.de\/index.php\/wp-json\/wp\/v2\/pages\/22"}],"collection":[{"href":"https:\/\/www.herrenabend-sport-verein.de\/index.php\/wp-json\/wp\/v2\/pages"}],"about":[{"href":"https:\/\/www.herrenabend-sport-verein.de\/index.php\/wp-json\/wp\/v2\/types\/page"}],"author":[{"embeddable":true,"href":"https:\/\/www.herrenabend-sport-verein.de\/index.php\/wp-json\/wp\/v2\/users\/1"}],"replies":[{"embeddable":true,"href":"https:\/\/www.herrenabend-sport-verein.de\/index.php\/wp-json\/wp\/v2\/comments?post=22"}],"version-history":[{"count":2,"href":"https:\/\/www.herrenabend-sport-verein.de\/index.php\/wp-json\/wp\/v2\/pages\/22\/revisions"}],"predecessor-version":[{"id":133,"href":"https:\/\/www.herrenabend-sport-verein.de\/index.php\/wp-json\/wp\/v2\/pages\/22\/revisions\/133"}],"wp:attachment":[{"href":"https:\/\/www.herrenabend-sport-verein.de\/index.php\/wp-json\/wp\/v2\/media?parent=22"}],"curies":[{"name":"wp","href":"https:\/\/api.w.org\/{rel}","templated":true}]}}