
{"id":18,"date":"2018-07-09T13:40:48","date_gmt":"2018-07-09T11:40:48","guid":{"rendered":"http:\/\/www.herrenabend-sport-verein.de\/?page_id=18"},"modified":"2018-07-09T20:01:15","modified_gmt":"2018-07-09T18:01:15","slug":"zweite-liga","status":"publish","type":"page","link":"https:\/\/www.herrenabend-sport-verein.de\/index.php\/zweite-liga\/","title":{"rendered":"Zweite Liga"},"content":{"rendered":"<h3>Reglement 2. Liga<\/h3>\n<div align=\"center\"><center><\/p>\n<table border=\"0\" width=\"82%\">\n<tbody>\n<tr>\n<td align=\"center\" width=\"32%\" height=\"20\">\n<p align=\"center\"><span style=\"font-family: Verdana;\"><b>Thema<\/b><\/span><\/p>\n<\/td>\n<td align=\"center\" width=\"54%\" height=\"20\"><span style=\"font-family: Verdana;\"><b>Regel<\/b><\/span><\/td>\n<\/tr>\n<tr>\n<td align=\"center\" bgcolor=\"#305020\" width=\"21%\" height=\"20\"><span style=\"font-family: Verdana;\"><b>G\u00fcltigkeit der nachfolgenden Regeln<\/b><\/span><\/td>\n<td align=\"center\" bgcolor=\"#305020\" width=\"65%\" height=\"20\"><span style=\"font-family: Verdana;\"><b><span style=\"color: #ff3300;\">Alle hier aufgef\u00fchrten Regeln betreffen indirekt auch die erste Liga!<\/span><\/b><br \/>\nSie gelten zun\u00e4chst befristet bis zum Vollzug des\u00a0<b>Saison\u00fcbergangs 2007\/08<\/b>.<\/span><span style=\"font-family: Verdana;\"><b>Gr\u00fcnde f\u00fcr Befristung<\/b>:<br \/>\n1.\u00a0<\/span>Wir haben die 2. Liga gerade erst eingef\u00fchrt und m\u00fcssen zun\u00e4chst Erfahrung sammeln<span style=\"font-family: Verdana;\">, die evtl. zu Neuregelungen f\u00fchren kann.<br \/>\n2. Einige Regeln m\u00fcssen immer denen der 1. Liga angepasst werden. Z.B. w\u00fcrde es keinen Sinn machen, Aufstiegspr\u00e4mien zu zahlen, wenn der Saison\u00fcbergang in der 1. Liga &#8222;neues Team+20\u00a0Mio.&#8220; w\u00e4re (dann w\u00e4ren die Aufsteiger ungewollt bessergestellt als die &#8222;Klassenerhalter&#8220;).\u00a0<\/span><\/td>\n<\/tr>\n<tr>\n<td align=\"center\" bgcolor=\"#54703C\" width=\"21%\" height=\"20\">\n<p align=\"center\"><span style=\"font-family: Verdana;\"><b>Analog anwendbare Regeln aus 1. Liga<\/b><\/span><\/p>\n<\/td>\n<td align=\"center\" bgcolor=\"#54703C\" width=\"65%\" height=\"20\">\n<p align=\"center\"><span style=\"font-family: Verdana;\">Folgende\u00a0<a href=\"http:\/\/www.herrenabend-sport-verein.de\/static\/regeln.html\" target=\"_self\">Regeln<\/a>\u00a0aus der 1. Liga<br \/>\ngelten f\u00fcr Zweitligisten analog:<br \/>\n&#8211;\u00a0<b>Strafen<br \/>\n&#8211; Leihgesch\u00e4fte I-VI<\/b><br \/>\n&#8211;\u00a0<b>Zul\u00e4ssige Mannschaftsnamen<\/b>\u00a0(inkl. Frist, Strafen)<br \/>\n&#8211;\u00a0<b>Saisonbeitrag<\/b>\u00a0(inkl. Frist, Erm\u00e4\u00dfigung, S\u00e4umige Zahler, Zweck, Konto)<br \/>\n&#8211;\u00a0<b>Termin\/Ort Meisterfeier<\/b><\/span><\/p>\n<\/td>\n<\/tr>\n<tr>\n<td align=\"center\" bgcolor=\"#305020\" width=\"21%\" height=\"20\"><span style=\"font-family: Verdana;\"><b>Ligagr\u00f6\u00dfe<\/b><\/span><\/td>\n<td align=\"center\" bgcolor=\"#305020\" width=\"65%\" height=\"20\"><span style=\"font-family: Verdana;\">Die 2. Liga soll zu Saisonbeginn m\u00f6glichst aus\u00a0<b>12 Teams<\/b>\u00a0bestehen. 3 Pl\u00e4tze sollen f\u00fcr Teams frei gehalten werden, die in der laufenden Saison einsteigen wollen.\u00a0<b>Das<\/b><b>absolute<\/b>\u00a0<b>Maximum<\/b>\u00a0betr\u00e4gt wie in der 1. Liga\u00a0<b>15<\/b>\u00a0Mannschaften, um die Transfermasse nicht zu sehr schrumpfen zu lassen.<\/span><\/td>\n<\/tr>\n<tr>\n<td align=\"center\" bgcolor=\"#54703C\" width=\"21%\" height=\"20\"><span style=\"font-family: Verdana;\"><b>Neuaufnahmen<\/b><\/span><\/td>\n<td align=\"center\" bgcolor=\"#54703C\" width=\"65%\" height=\"20\"><span style=\"font-family: Verdana;\">Der Name &#8222;<i>Herren<\/i>abend-Sport-Verein&#8220; beinhaltet als Programm, dass\u00a0<b>nur Herren \u00fcber 21<\/b>\u00a0in die Com aufgenommen werden, das gilt auch f\u00fcr die 2. Liga. Au\u00dferdem werden nur Herren aufgenommen,\u00a0<b>die ein bereits teilnehmendes Mitglied pers\u00f6nlich kennt<\/b>. \u00dcblicherweise wird vorher\u00a0<b>im Com-Newsboard\u00a0<\/b>der Kandidat kurz &#8222;vorgestellt&#8220; und dann die Com gefragt, ob Einw\u00e4nde erhoben werden. Von allen Mitgliedern wird erwartet, dass sie sich\u00a0<b>regelm\u00e4\u00dfig einloggen<\/b>, die\u00a0<b>Regeln<\/b>\u00a0befolgen und an der\u00a0<b>Meisterfeier<\/b>\u00a0teilnehmen. Man sollte sich also gut \u00fcberlegen, wen man vorschl\u00e4gt; denn wenn sich derjenige als Pfeife herausstellt, die sich nie einloggt oder nach kurzer Zeit wieder aufh\u00f6rt, macht das keinen guten Eindruck.<\/span><\/td>\n<\/tr>\n<tr>\n<td align=\"center\" bgcolor=\"#305020\" width=\"21%\" height=\"20\"><span style=\"font-family: Verdana;\"><b>Der Aufstieg<\/b><\/span><\/td>\n<td align=\"center\" bgcolor=\"#305020\" width=\"65%\" height=\"20\"><span style=\"font-family: Verdana;\">NACH dem Saison\u00fcbergang erhalten die Aufsteiger vom Com-Leiter der 1.\u00a0Liga deren Zugangsdaten. Sie melden sich dann in der Com\u00a0<\/span><span style=\"font-family: Verdana;\">&#8222;Herrenabend-Sport-Verein&#8220; an. Dort erhalten sie eine zugeloste Mannschaft und 20 Mio. Startkapital sowie u. U. eine Aufstiegspr\u00e4mie (s.u.).<\/span><\/td>\n<\/tr>\n<tr>\n<td align=\"center\" bgcolor=\"#54703C\" width=\"21%\" height=\"20\"><span style=\"font-family: Verdana;\"><b>Der Abstieg<\/b><\/span><\/td>\n<td align=\"center\" bgcolor=\"#54703C\" width=\"65%\" height=\"20\"><span style=\"font-family: Verdana;\">NACH dem Saison\u00fcbergang erhalten die Absteiger vom Com-Leiter der 2.\u00a0Liga deren Zugangsdaten. Sie melden sich dann in der Com\u00a0<\/span><span style=\"font-family: Verdana;\">&#8222;Herrenabend-Sport-Verein\u00a0 2.\u00a0 Liga&#8220; an. Dort erhalten sie eine zugeloste Mannschaft und 20 Mio. Startkapital.<\/span><\/td>\n<\/tr>\n<tr>\n<td align=\"center\" bgcolor=\"#305020\" width=\"21%\" height=\"20\"><span style=\"font-family: Verdana;\"><b>Auf-\/Abstiegspl\u00e4tze<\/b><\/span><\/td>\n<td align=\"center\" bgcolor=\"#305020\" width=\"65%\" height=\"20\"><span style=\"font-family: Verdana;\">Die Pl\u00e4tze 1-3 der 2. Liga sind Aufstiegspl\u00e4tze.<br \/>\nDie Pl\u00e4tze 13-15 aus der 1. Liga steigen ab.<\/span><\/td>\n<\/tr>\n<tr>\n<td align=\"center\" bgcolor=\"#54703C\" width=\"21%\" height=\"20\"><span style=\"font-family: Verdana;\"><b>Aufstiegspr\u00e4mien<\/b><\/span><\/td>\n<td align=\"center\" bgcolor=\"#54703C\" width=\"65%\" height=\"20\">\n<p align=\"center\">Wer den Aufstieg geschafft hat, erh\u00e4lt\u00a0<span style=\"font-family: Verdana;\"><i><span style=\"color: #ffff00;\">nur wenn in der ersten Liga &#8222;Teams behalten&#8220; gespielt wird<\/span><\/i><\/span>\u00a0in der folgenden Saison nach Aufnahme in die 1. Liga eine Aufstiegspr\u00e4mie (Amateurteams: Besonderheiten beachten, s.u.).<\/p>\n<p align=\"center\">1. Aufsteiger: 5.000.000<br \/>\n2. Aufsteiger: 3.500.000<br \/>\n3. Aufsteiger: 2.500.000<\/p>\n<\/td>\n<\/tr>\n<tr>\n<td align=\"center\" bgcolor=\"#305020\" width=\"21%\" height=\"20\"><span style=\"font-family: Verdana;\"><b>Grillmeister-Duo<\/b><\/span><\/td>\n<td align=\"center\" bgcolor=\"#305020\" width=\"65%\" height=\"20\"><span style=\"font-family: Verdana;\">Jeweils der letztplazierte Nichtabsteiger der 1. und der letztplazierte Nicht-Amateur der 2. Liga (wenn abwesend: der n\u00e4chstschlechtere anwesende Manager) m\u00fcssen auf der Meisterfeier die Grillmeister machen.<\/span><\/td>\n<\/tr>\n<tr>\n<td align=\"center\" bgcolor=\"#54703C\" width=\"21%\" height=\"20\"><span style=\"font-family: Verdana;\"><b>Pokalteilnahme<\/b><\/span><\/td>\n<td align=\"center\" bgcolor=\"#54703C\" width=\"65%\" height=\"20\"><span style=\"font-family: Verdana;\">Es ist f\u00fcr die\u00a0<b>Saison 2007\/08<\/b>\u00a0vorgesehen, dass alle &#8222;echten&#8220; Zweitligisten einen Startplatz f\u00fcr den\u00a0<a href=\"http:\/\/www.herrenabend-sport-verein.de\/static\/pokal.html\">H.-S.-V.-Pokal<\/a>\u00a0erhalten.\u00a0<\/span><\/td>\n<\/tr>\n<tr>\n<td align=\"center\" bgcolor=\"#305020\" width=\"21%\" height=\"20\"><span style=\"font-family: Verdana;\"><b>Amateurteams<br \/>\n(Allgemeines)<\/b><\/span><\/td>\n<td align=\"center\" bgcolor=\"#305020\" width=\"65%\" height=\"20\">\n<p align=\"center\"><b>Sinn<br \/>\n<\/b>So richtig Spa\u00df macht Comunio eigentlich erst, wenn auch gen\u00fcgend Konkurrenz da ist. Sollte das nicht gew\u00e4hrleistet sein, k\u00f6nnen interessierte Erstligisten mit einem zweiten Account in der 2. Liga als Amateur-Team mitmischen. Idealerweise k\u00f6nnen Sie hier Neulinge mit ihrer Erfahrung unterst\u00fctzen.<\/p>\n<p align=\"center\"><span style=\"font-family: Verdana;\"><b>Zul\u00e4ssige Zahl<br \/>\n<\/b>Wenn die 2. Liga 14 Tage vor Saisonbeginn aus weniger als 12 Teams besteht, kann sie mit &#8222;Amateur-Teams&#8220; aus der 1.\u00a0Liga aufgef\u00fcllt werden, bis maximal 12 Teams zusammen gekommen sind. Insgesamt darf der Anteil der Ama-Teams aber nicht mehr als 50% der Teams in Liga 2 betragen, auf 5 &#8222;echte&#8220; Zweitligisten d\u00fcrften also z.B. auch nur 5 Ama-Teams kommen.\u00a0<\/span><\/p>\n<p align=\"center\"><span style=\"font-family: Verdana;\"><b>Zulassungsverfahren<\/b><br \/>\nWer zuerst kommt, mahlt zuerst, d.h. freie Amateur-Pl\u00e4tze werden vom Com-Leiter der 2.\u00a0Liga in Reihenfolge des Bewerbungseinganges an interessierte Erstligisten vergeben.\u00a0<\/span><\/p>\n<\/td>\n<\/tr>\n<tr>\n<td align=\"center\" valign=\"middle\" bgcolor=\"#54703C\" width=\"21%\" height=\"20\"><span style=\"font-family: Verdana;\"><b>Amateurteams<br \/>\n(Besonderheiten bzw.<br \/>\n&#8222;das Kleingedruckte&#8220;)<\/b><\/span><\/td>\n<td align=\"center\" bgcolor=\"#54703C\" width=\"65%\" height=\"20\">\n<p align=\"center\"><span style=\"font-size: xx-small;\"><b><span style=\"font-family: Verdana;\">Aufstieg<br \/>\n<\/span><\/b><span style=\"font-family: Verdana;\">Ein Amateurteam kann normalerweise nicht aufsteigen; wenn ein Amateurteam am Saisonende einen Aufstiegsplatz belegt, r\u00fcckt an seiner Stelle der n\u00e4chste &#8222;echte&#8220; Zweitligist nach.<br \/>\n<b>Ausnahme<\/b>: die Profis steigen ab, die Amateure belegen einen Aufstiegsplatz in der 2. Liga. In dem Fall bleibt das Profiteam in der 1. Liga, die Aufstiegspr\u00e4mie (s.o.) geht aber in der folgenden Saison an den n\u00e4chstplatzierten Zweitligisten.\u00a0<i>Beispiel-Tabellen 34. Spieltag:<\/i><\/p>\n<p><\/span><i>Liga 1<br \/>\n<\/i><span style=\"font-family: Verdana;\">13. Profi X<br \/>\n14. Profi Y<br \/>\n15. Profi Z<\/p>\n<p><i>Liga 2<br \/>\n<\/i>1. &#8222;echter&#8220; Zweitligist A<br \/>\n2. Amateur Z<br \/>\n3. &#8222;echter&#8220; Zweitligist B<br \/>\n4. &#8222;echter&#8220; Zweitligist C<\/p>\n<p>&#8211;&gt; A und B steigen auf, X und Y steigen ab, Z erh\u00e4lt die Klasse, C bleibt in Liga 2.<br \/>\n&#8211;&gt; A kriegt Pr\u00e4mie\u00a01, Z geht leer aus, B kriegt Pr\u00e4mie\u00a02, C kriegt Pr\u00e4mie 3.<br \/>\nGanz einfach, oder? \ud83d\ude09<\/span><\/span><\/p>\n<p align=\"center\"><b><span style=\"font-family: Verdana; font-size: xx-small;\">Saison\u00fcbergang<\/span><\/b><span style=\"font-family: Verdana; font-size: xx-small;\"><br \/>\nGrunds\u00e4tzlich ist VOR (!!!) Saison\u00fcbergang vom Com-Leiter Liga\u00a02 zu pr\u00fcfen, ob Neubewerbungen von &#8222;echten&#8220; Zweitligisten eine Beschr\u00e4nkung der Amateur-Teams erfordern, da solche nat\u00fcrlich Vorrang vor Ama-Teams haben. Die in der dann vergangenen Saison am schlechtesten platzierten Ama-Teams fliegen dann\u00a0 notfalls raus &#8211;\u00a0logischerweise begonnen beim allerschlechtesten. Sollte ein Erstligist seinen Abstieg durch ein Ama-Team auf einem Aufstiegsplatz verhindert haben, darf der betreffende Manager eine Saison lang kein Ama-Team f\u00fchren, sein Ama-Team w\u00fcrde also in diesem Fall ebenfalls rausfliegen. Im Normalfall kann aber ein Ama-Team &#8211; wenn es keiner der vorgenannten Ma\u00dfnahmen zum Opfer f\u00e4llt &#8211; den normalen Saison\u00fcbergang (s.u.) vollziehen.<\/span><\/p>\n<p align=\"center\"><b><span style=\"font-family: Verdana; font-size: xx-small;\">Pokalteilnahme<br \/>\n<\/span><\/b><span style=\"font-family: Verdana; font-size: xx-small;\">Amateurteams sind logischerweise nicht nur vom Pokal 2007\/08, sondern generell ausgeschlossen.<\/span><\/p>\n<p align=\"center\"><b><span style=\"font-family: Verdana; font-size: xx-small;\">Mannschaftsname<br \/>\n<\/span><\/b><span style=\"font-family: Verdana; font-size: xx-small;\">Der Mannschaftsname eines Ama-Teams muss eindeutig erkennen lassen, dass es sich um ein Ama-Team handelt\u00a0&#8211;\u00a0und um welches. Idealerweise sollte er daher aus dem Team-Namen des Erstligisten und einem Zusatz wie &#8222;Amateure&#8220;, &#8222;II&#8220; o.\u00e4. bestehen.\u00a0<\/span><\/p>\n<p align=\"center\"><b><span style=\"font-family: Verdana; font-size: xx-small;\">Saisonbeitrag<\/span><\/b><span style=\"font-family: Verdana; font-size: xx-small;\"><br \/>\nF\u00fcr ein Amateur-Team muss kein zweiter Saisonbeitrag geleistet werden.\u00a0<\/span><\/p>\n<p align=\"center\"><span style=\"font-size: xx-small;\"><b><span style=\"font-family: Verdana;\">Homepage-Pr\u00e4senz<br \/>\n<\/span><\/b>Ama-Teams erhalten kein eigenes Homepageprofil. Wer von den Betreffenden sich die M\u00fche machen will, kann etwaige Angaben seinem Profi-Profil hinzuf\u00fcgen. Nachrichtenbeitr\u00e4ge sind generell m\u00f6glich, aber auch hier nicht \u00fcbertreiben. Amateur-Team-Leistungen z\u00e4hlen nicht f\u00fcr die Homepage-Statistik (Hall of Fame, Ewige Tabelle, Rekorde etc.).<\/span><\/p>\n<\/td>\n<\/tr>\n<tr>\n<td align=\"center\" bgcolor=\"#305020\" width=\"21%\" height=\"20\"><span style=\"font-family: Verdana;\"><b>Saison\u00fcbergang<\/b><\/span><\/td>\n<td align=\"center\" bgcolor=\"#305020\" width=\"65%\" height=\"20\"><span style=\"font-family: Verdana;\"><b>in die Saison 2008\/09<\/b>:<br \/>\n<b>5 Spieler behalten<\/b>\u00a0(rechtzeitig checken, ob unter &#8222;Aufstellung&#8220; die Haken richtig gesetzt sind!),\u00a0<b>10 zulosen<\/b>,\u00a0<b>9 Mio.<\/b>\u00a0Startkapital<\/span><\/td>\n<\/tr>\n<tr>\n<td align=\"center\" bgcolor=\"#54703C\" width=\"21%\" height=\"20\"><span style=\"font-family: Verdana;\"><b>Homepage-Pr\u00e4senz<\/b><\/span><\/td>\n<td align=\"center\" bgcolor=\"#54703C\" width=\"65%\" height=\"20\"><span style=\"font-family: Verdana;\">Bis auf Amateurteams (s.o.) kann jeder Zweitligist f\u00fcr die Bereiche &#8222;Mitglieder&#8220; (siehe\u00a0<a href=\"http:\/\/www.herrenabend-sport-verein.de\/static\/download.html\" target=\"_self\">Download<\/a>) und &#8222;Nachrichten&#8220; per e-Mail an den Webmaster senden.\u00a0<\/span><\/td>\n<\/tr>\n<tr>\n<td align=\"center\" bgcolor=\"#305020\" width=\"21%\" height=\"20\"><span style=\"font-family: Verdana;\"><b>Ewige Tabelle<\/b><\/span><\/td>\n<td align=\"center\" bgcolor=\"#305020\" width=\"65%\" height=\"20\"><span style=\"font-family: Verdana;\">In Liga 2 von Nicht-Amateuren erzielte Punkte z\u00e4hlen durch zwei geteilt f\u00fcr die &#8222;Ewige Tabelle&#8220; im\u00a0<a href=\"http:\/\/www.herrenabend-sport-verein.de\/static\/stat.html\" target=\"_self\">Statistik<\/a>-Bereich.<\/span><\/td>\n<\/tr>\n<tr>\n<td align=\"center\" bgcolor=\"#54703C\" width=\"21%\" height=\"20\"><span style=\"font-family: Verdana;\"><b>Communityleiter<\/b><\/span><\/td>\n<td align=\"center\" bgcolor=\"#54703C\" width=\"65%\" height=\"20\">\n<p align=\"center\"><span style=\"font-family: Verdana;\"><a href=\"mailto:bullets@herrenabend-holdem.de\">Zaphod Beeblebrox (Lokomotive Klausdorf)<\/a><br \/>\n&amp;\u00a0<a href=\"mailto:TheRyk@herrenabend-sport-verein.de\">Theo Zwanziger (Roter Stern Kiel 01)<\/a><\/span><\/p>\n<\/td>\n<\/tr>\n<\/tbody>\n<\/table>\n<p><\/center><\/div>\n<h3 align=\"center\">WEITERE ALLGEMEINE COM-REGELN<\/h3>\n<div align=\"center\"><center><\/p>\n<table border=\"0\" width=\"82%\">\n<tbody>\n<tr>\n<td align=\"center\" width=\"32%\" height=\"20\"><span style=\"font-family: Verdana;\"><b>Thema<\/b><\/span><\/td>\n<td align=\"center\" width=\"54%\" height=\"20\"><span style=\"font-family: Verdana;\"><b>Regel<\/b><\/span><\/td>\n<\/tr>\n<tr>\n<td align=\"center\" bgcolor=\"#54703C\" width=\"21%\" height=\"20\">\n<p align=\"center\"><span style=\"font-family: Verdana;\"><b>Transfersummen<\/b><\/span><\/p>\n<\/td>\n<td align=\"center\" bgcolor=\"#54703C\" width=\"65%\" height=\"20\">\n<p align=\"center\"><span style=\"font-family: Verdana;\">werden bekanntgegeben.<\/span><\/p>\n<\/td>\n<\/tr>\n<tr>\n<td align=\"center\" bgcolor=\"#305020\" width=\"21%\" height=\"20\"><span style=\"font-family: Verdana;\"><b>Computer-Angebot<\/b><\/span><\/td>\n<td align=\"center\" bgcolor=\"#305020\" width=\"65%\" height=\"20\">\n<p align=\"center\"><span style=\"font-family: Verdana;\">13 Spieler auf dem TM<\/span><\/p>\n<\/td>\n<\/tr>\n<tr>\n<td align=\"center\" bgcolor=\"#54703C\" width=\"21%\" height=\"20\"><span style=\"font-family: Verdana;\"><b>Mitspieler-Angebot<\/b><\/span><\/td>\n<td align=\"center\" bgcolor=\"#54703C\" width=\"65%\" height=\"20\">\n<p align=\"center\"><span style=\"font-family: Verdana;\">max. 10 Spieler auf dem TM<\/span><\/p>\n<\/td>\n<\/tr>\n<tr>\n<td align=\"center\" bgcolor=\"#305020\" width=\"21%\" height=\"20\"><span style=\"font-family: Verdana;\"><b>Gebotsg\u00fcltigkeit<\/b><\/span><\/td>\n<td align=\"center\" bgcolor=\"#305020\" width=\"65%\" height=\"20\">\n<p align=\"center\"><span style=\"font-family: Verdana;\">3 Tage<\/span><\/p>\n<\/td>\n<\/tr>\n<tr>\n<td align=\"center\" bgcolor=\"#54703C\" width=\"21%\" height=\"20\"><span style=\"font-family: Verdana;\"><b>Spieler-Mindestverbleib<\/b><\/span><\/td>\n<td align=\"center\" bgcolor=\"#54703C\" width=\"65%\" height=\"20\"><span style=\"font-family: Verdana;\">entf\u00e4llt, gekaufte Spieler k\u00f6nnen SOFORT wieder auf den TM gesetzt werden.<\/span><\/td>\n<\/tr>\n<tr>\n<td align=\"center\" bgcolor=\"#305020\" width=\"21%\" height=\"20\"><span style=\"font-family: Verdana;\"><b>Transferfrist<\/b><\/span><\/td>\n<td align=\"center\" bgcolor=\"#305020\" width=\"65%\" height=\"20\"><span style=\"font-family: Verdana;\">entf\u00e4llt ebenfalls, es darf w\u00e4hrend der Saison und in den Saisonpausen permanent gekauft und verkauft werden.<\/span><\/td>\n<\/tr>\n<tr>\n<td align=\"center\" bgcolor=\"#54703C\" width=\"21%\" height=\"20\"><span style=\"font-family: Verdana;\"><b>R\u00fcckg\u00e4ngigmachen<br \/>\nvon Transfers<\/b><\/span><\/td>\n<td align=\"center\" bgcolor=\"#54703C\" width=\"65%\" height=\"20\">\n<p align=\"center\"><span style=\"font-family: Verdana;\">Wird von Fall zu Fall durch Com-Leitung entschieden. Bei Spieltagsbeginn eh zu sp\u00e4t, wenn man im Minus ist. Jeder ist selbst f\u00fcr den Ausgleich seines Kontos verantwortlich!\u00a0<\/span><\/p>\n<\/td>\n<\/tr>\n<tr>\n<td align=\"center\" bgcolor=\"#305020\" width=\"21%\" height=\"20\"><span style=\"font-family: Verdana;\"><b>Neueinsteiger<\/b><\/span><\/td>\n<td align=\"center\" bgcolor=\"#305020\" width=\"65%\" height=\"20\">\n<p align=\"center\"><span style=\"font-family: Verdana;\">erhalten 20 Mio + Mannschaft.<\/span><\/p>\n<\/td>\n<\/tr>\n<\/tbody>\n<\/table>\n<p><\/center><\/div>\n","protected":false},"excerpt":{"rendered":"<p>Reglement 2. Liga Thema Regel G\u00fcltigkeit der nachfolgenden Regeln Alle hier aufgef\u00fchrten Regeln betreffen indirekt auch die erste Liga! Sie gelten zun\u00e4chst befristet bis zum Vollzug des\u00a0Saison\u00fcbergangs 2007\/08.Gr\u00fcnde f\u00fcr Befristung: 1.\u00a0Wir haben die 2. Liga gerade erst eingef\u00fchrt und m\u00fcssen zun\u00e4chst Erfahrung sammeln, die evtl. zu Neuregelungen f\u00fchren kann. 2. Einige Regeln m\u00fcssen immer denen &hellip; <a href=\"https:\/\/www.herrenabend-sport-verein.de\/index.php\/zweite-liga\/\" class=\"more-link\"><span class=\"screen-reader-text\">Zweite Liga<\/span> weiterlesen<\/a><\/p>\n","protected":false},"author":1,"featured_media":0,"parent":0,"menu_order":0,"comment_status":"closed","ping_status":"closed","template":"","meta":[],"_links":{"self":[{"href":"https:\/\/www.herrenabend-sport-verein.de\/index.php\/wp-json\/wp\/v2\/pages\/18"}],"collection":[{"href":"https:\/\/www.herrenabend-sport-verein.de\/index.php\/wp-json\/wp\/v2\/pages"}],"about":[{"href":"https:\/\/www.herrenabend-sport-verein.de\/index.php\/wp-json\/wp\/v2\/types\/page"}],"author":[{"embeddable":true,"href":"https:\/\/www.herrenabend-sport-verein.de\/index.php\/wp-json\/wp\/v2\/users\/1"}],"replies":[{"embeddable":true,"href":"https:\/\/www.herrenabend-sport-verein.de\/index.php\/wp-json\/wp\/v2\/comments?post=18"}],"version-history":[{"count":2,"href":"https:\/\/www.herrenabend-sport-verein.de\/index.php\/wp-json\/wp\/v2\/pages\/18\/revisions"}],"predecessor-version":[{"id":136,"href":"https:\/\/www.herrenabend-sport-verein.de\/index.php\/wp-json\/wp\/v2\/pages\/18\/revisions\/136"}],"wp:attachment":[{"href":"https:\/\/www.herrenabend-sport-verein.de\/index.php\/wp-json\/wp\/v2\/media?parent=18"}],"curies":[{"name":"wp","href":"https:\/\/api.w.org\/{rel}","templated":true}]}}