
{"id":134,"date":"2018-07-09T19:59:28","date_gmt":"2018-07-09T17:59:28","guid":{"rendered":"http:\/\/www.herrenabend-sport-verein.de\/?page_id=134"},"modified":"2018-07-09T19:59:28","modified_gmt":"2018-07-09T17:59:28","slug":"pokalregeln","status":"publish","type":"page","link":"http:\/\/www.herrenabend-sport-verein.de\/index.php\/pokalregeln\/","title":{"rendered":"Pokalregeln"},"content":{"rendered":"<table border=\"0\" width=\"82%\">\n<tbody>\n<tr>\n<td colspan=\"2\" align=\"center\" width=\"86%\" height=\"20\">\n<h3><span style=\"font-family: Verdana;\"><b>AKTUELLE REGELN &amp; PR\u00c4MIEN<\/b><\/span><\/h3>\n<\/td>\n<\/tr>\n<tr>\n<td colspan=\"2\" align=\"center\" bgcolor=\"#54703C\" width=\"86%\" height=\"20\">\n<p align=\"center\"><span style=\"font-family: Verdana;\"><b>I. REGELN<\/b><\/span><\/p>\n<\/td>\n<\/tr>\n<tr>\n<td align=\"center\" bgcolor=\"#305020\" width=\"32%\" height=\"20\"><span style=\"font-family: Verdana;\"><b>Bundesliga-Spieltage, die f\u00fcr den Pokal z\u00e4hlen<\/b><\/span><\/td>\n<td align=\"left\" bgcolor=\"#305020\" width=\"54%\" height=\"20\">\n<p align=\"center\"><span style=\"font-family: Verdana;\"><b>Vorrunde-HIN<\/b>: 2.-8.<\/span><\/p>\n<p align=\"center\"><span style=\"font-family: Verdana;\"><b>Vorrunde-R\u00dcCK<\/b>: 10.-16.<\/span><\/p>\n<p align=\"center\"><span style=\"font-family: Verdana;\"><b>Relegation<\/b>: 18.-23.<\/span><\/p>\n<p align=\"center\"><span style=\"font-family: Verdana;\"><b>Viertelfinale<\/b>: 25,26.<\/span><\/p>\n<p align=\"center\"><span style=\"font-family: Verdana;\"><b>Halbfinale<\/b>: 28,29.<\/span><\/p>\n<p align=\"center\"><span style=\"font-family: Verdana;\"><b>Platz 3<\/b>: 31,33.<\/span><\/p>\n<p align=\"center\"><span style=\"font-family: Verdana;\"><b>Finale<\/b>: 32,34.<\/span><\/p>\n<\/td>\n<\/tr>\n<tr>\n<td align=\"center\" bgcolor=\"#54703C\" width=\"32%\" height=\"20\">\n<p align=\"center\"><span style=\"font-family: Verdana;\"><b>Nicht f\u00fcr den Pokal gewertete Bundesliga-Spieltage\u00a0<\/b><\/span><\/p>\n<\/td>\n<td align=\"left\" bgcolor=\"#54703C\" width=\"54%\" height=\"20\">\n<p align=\"center\"><span style=\"font-family: Verdana;\"><b>1,9,17,24,27,30.<\/b><\/span><\/p>\n<\/td>\n<\/tr>\n<tr>\n<td align=\"center\" bgcolor=\"#305020\" width=\"32%\" height=\"20\"><span style=\"font-family: Verdana;\"><b>Relegation<\/b><\/span><\/td>\n<td align=\"left\" bgcolor=\"#305020\" width=\"54%\" height=\"20\"><span style=\"font-family: Verdana;\">Vor allem bei ungerader Gruppenanzahl ist es n\u00f6tig, eine Relegation auszuspielen. Aktuell qualifizieren sich die Pl\u00e4tze 1 und 2 der drei Todesgruppen direkt, die drei Drittplatzierten spielen eine Relegation mit Hin- und R\u00fcckspiel. Der schlechteste scheidet aus, die Pl\u00e4tze 1 und 2 der Relegation kommen ins Viertelfinale.\u00a0<\/span><\/td>\n<\/tr>\n<tr>\n<td align=\"center\" bgcolor=\"#54703C\" width=\"32%\" height=\"20\">\n<p align=\"center\"><span style=\"font-family: Verdana;\"><b>Genereller Ablauf\u00a0<\/b><\/span><\/p>\n<\/td>\n<td align=\"left\" bgcolor=\"#54703C\" width=\"54%\" height=\"20\">\n<p align=\"center\"><span style=\"font-family: Verdana;\">Es gibt generell ein Hin- und ein R\u00fcckspiel, sowohl in der Vorrunde als auch in den Playoffs. Das Team, das zu Hause spielt, erh\u00e4lt einen Heimbonus von 6 auf die erzielten Comunio-Punkte. Erst danach werden die Punkte beider Kontrahenten durch 10 geteilt und gerundet.<\/span><\/p>\n<\/td>\n<\/tr>\n<tr>\n<td align=\"center\" bgcolor=\"#305020\" width=\"32%\" height=\"20\"><span style=\"font-family: Verdana;\"><b>Todesgruppenphase<\/b><\/span><\/td>\n<td align=\"left\" bgcolor=\"#305020\" width=\"54%\" height=\"20\"><span style=\"font-family: Verdana;\">Die Todesgruppen der Vorrunde wurden von unbestechlichen erfahrenen H.-S.-V.-Managern in der Sommerpause ausgelost. Die am Ende der Todesgruppenpahse\u00a0<b>erst- und zweitplazierten Mannschaften<\/b>\u00a0jeder Gruppe sind\u00a0<b>direkt qualifiziert<\/b>\u00a0f\u00fcrs Viertelfinale. Die drei\u00a0<b>Drittplatzierten<\/b>\u00a0spielen eine\u00a0<b>Relegation<\/b>\u00a0mit Hin- und R\u00fcckspiel; der schlechteste scheidet aus, die Pl\u00e4tze 1 und 2 der Relegation kommen ins Viertelfinale.\u00a0<\/span><span class=\"postbody\"><b><i>Rechenprobleme<\/i><\/b>: werden ggf. pragmatisch und fair gel\u00f6st! Sollten am Ende 2 oder mehr Leute punkt- und torgleich auf Platz 1 und\/oder 2 stehen, so w\u00fcrden zun\u00e4chst die insgesamt erzielten Tore verglichen werden, bringt das nix, dann die Ausw\u00e4rtstore. Herrscht dann immer noch Gleichstand, w\u00fcrden die Comunio-Punkte (also nicht die errechneten Fu\u00dfballergebnisse) herangezogen. Erst wenn das auch nix bringt (denkbar unwahrscheinlich), m\u00fcsste leider gelost werden.<\/span><\/td>\n<\/tr>\n<tr>\n<td align=\"center\" bgcolor=\"#54703C\" width=\"32%\" height=\"20\"><span style=\"font-family: Verdana;\"><b>Viertelfinale<\/b><\/span><\/td>\n<td align=\"left\" bgcolor=\"#54703C\" width=\"54%\" height=\"20\"><span style=\"font-family: Verdana;\">Eine Auslosung der Begegnungen in der Herbstpause ist angedacht.<\/span><\/td>\n<\/tr>\n<tr>\n<td align=\"center\" bgcolor=\"#305020\" width=\"32%\" height=\"20\"><span style=\"font-family: Verdana;\"><b>Halbfinale<\/b><\/span><\/td>\n<td align=\"left\" bgcolor=\"#305020\" width=\"54%\" height=\"20\"><span style=\"font-family: Verdana;\">Auch hier soll gelost werden.<\/span><\/td>\n<\/tr>\n<tr>\n<td align=\"center\" bgcolor=\"#54703C\" width=\"32%\" height=\"20\"><span style=\"font-family: Verdana;\"><b>Spiel um Platz 3\/Finale<\/b><\/span><\/td>\n<td align=\"left\" bgcolor=\"#54703C\" width=\"54%\" height=\"20\">\n<p align=\"left\"><span style=\"font-family: Verdana;\">d\u00fcrfte jawohl klar sein, *g*.<\/span><\/p>\n<\/td>\n<\/tr>\n<tr>\n<td align=\"center\" bgcolor=\"#305020\" width=\"32%\" height=\"20\"><span style=\"font-family: Verdana;\"><b>Tore und Wertung in den Playoffs<\/b><\/span><\/td>\n<td align=\"left\" bgcolor=\"#305020\" width=\"54%\" height=\"20\"><span style=\"font-family: Verdana;\">Auch in den Playoffs gilt grunds\u00e4tzlich, was in der Zeile &#8222;Generelle Ablauf&#8220; gesagt wurde..\u00a0<\/span><span style=\"font-family: Verdana;\"><b><i>Rechenprobleme<\/i><\/b>:<span class=\"postbody\">\u00a0Sollte nach Hin- und R\u00fcckspiel auch nach Z\u00e4hlung der Ausw\u00e4rtstore Gleichstand herrschen (z.B. Hin A 2:1 B R\u00fcck B 2:1 A oder Hin A 2:2 B R\u00fcck B 2:2 A), so w\u00fcrden die Comunio-Punkte verglichen werden. Bringt auch das nix, muss leider das Los entscheiden, da f\u00fcr Verl\u00e4ngerung und Elfmeterschie\u00dfen leider keine M\u00f6glichkeiten gegeben sind. Die Mannschaft, die insgesamt mehr Comunio-Punkte gemacht hat (oder bei Gleichtsnad per Los gewinnt), kriegt dann im R\u00fcckspiel ein Tor oben drauf. Aus Hin A 1:2 B R\u00fcck B 1:2 A w\u00fcrde dann im R\u00fcckspiel ein 2:2 oder ein 1:3, je nachdem ob A oder B die Nase nach Comuniopunkten (oder Los) vorne hat.<\/span><\/span><\/td>\n<\/tr>\n<tr>\n<td align=\"center\" bgcolor=\"#54703C\" width=\"32%\" height=\"20\"><span style=\"font-family: Verdana;\"><b>Ausscheiden aus der Com<\/b><\/span><\/td>\n<td align=\"left\" bgcolor=\"#54703C\" width=\"54%\" height=\"20\"><span style=\"font-family: Verdana;\">ACHTUNG! Sollte ein Spieler w\u00e4hrend der Saison aus der Community ausscheiden (EGAL ob TEMPOR\u00c4R=Pro\/Plus und nicht bezahlt oder DAUERHAFT=Bocklosigkeit) so gilt folgendes. Passiert dies in der Vorrunde, so werden ALLE (=auch nachtr\u00e4glich die schon gelaufenen!) Pokal-Spiele des ausgeschiedenen Teams nachtr\u00e4glich als Sieg des Gegners mit 25:0 gewertet, damit KEINE Mannschaft Nachteile vom Ausscheiden hat. In den Finals ist entsprechend der Gegner des Ausgeschiedenen mit je zweimal 25:0 in Hin- und R\u00fcckspiel weiter.<\/span><\/td>\n<\/tr>\n<tr>\n<td align=\"center\" bgcolor=\"#305020\" width=\"32%\" height=\"20\"><span style=\"font-family: Verdana;\"><b>Konto im Minus<\/b><\/span><\/td>\n<td align=\"left\" bgcolor=\"#305020\" width=\"54%\" height=\"20\"><span style=\"font-family: Verdana;\">Hat keine Auswirkungen! Wenn z.B. Team ABC wegen negativem Kontostand zu Hause 0 Comuniopunkte macht (plus 6 Punkte geteilt durch 10 gleich 1), das gegnerische Team XYZ jedoch -7 (gteilt: 10 w\u00e4re minus 1, bringt aber nix, also 0), gerade wegen ausgeglichenem Konto, aber halt mies bewerteter Aufstellung, dann hat Team ABC mit 1 zu 0 gegen XYZ gewonnen!<\/span><\/td>\n<\/tr>\n<tr>\n<td align=\"center\" bgcolor=\"#54703C\" width=\"32%\" height=\"20\"><span style=\"font-family: Verdana;\"><b>Nachholspieltage<\/b><\/span><\/td>\n<td align=\"left\" bgcolor=\"#54703C\" width=\"54%\" height=\"20\"><span style=\"font-family: Verdana;\">Die Nachholspieltage wegen abgesagter Spiele (unbespielbarer Platz im Winter) werden NICHT ber\u00fccksichtigt, auch nicht nachtr\u00e4glich. Begr\u00fcndung: a) zu viel Aufwand! b) Sinn fraglich. Man kann sich dar\u00fcber streiten, ob es gerecht w\u00e4re. Dagegen spricht, dass man an Nachholspieltagen neu aufstellen kann, was\u00a0 l\u00e4ngst nicht jedem was bringt, da nicht jeder Spieler der nachholenden Vereine hat.<\/span><\/td>\n<\/tr>\n<tr>\n<td colspan=\"2\" align=\"center\" width=\"86%\" height=\"20\"><\/td>\n<\/tr>\n<tr>\n<td colspan=\"2\" align=\"center\" bgcolor=\"#305020\" width=\"86%\" height=\"20\">\n<p align=\"center\"><span style=\"font-family: Verdana;\"><b>II. PR\u00c4MIEN<\/b><\/span><\/p>\n<\/td>\n<\/tr>\n<tr>\n<td align=\"center\" bgcolor=\"#54703C\" width=\"35%\" height=\"20\"><span style=\"font-family: Verdana;\"><b>Einzug ins Viertelfinale<\/b><\/span><\/td>\n<td align=\"center\" bgcolor=\"#54703C\" width=\"53%\" height=\"20\">\n<p align=\"center\"><span style=\"font-family: Verdana;\">200.000<\/span><\/p>\n<\/td>\n<\/tr>\n<tr>\n<td align=\"center\" bgcolor=\"#305020\" width=\"35%\" height=\"20\"><span style=\"font-family: Verdana;\"><b>Einzug ins Halbfinale<\/b><\/span><\/td>\n<td align=\"center\" bgcolor=\"#305020\" width=\"53%\" height=\"20\"><span style=\"font-family: Verdana;\">450.000<\/span><\/td>\n<\/tr>\n<tr>\n<td align=\"center\" bgcolor=\"#54703C\" width=\"35%\" height=\"20\"><span style=\"font-family: Verdana;\"><b>Platz 3<\/b><\/span><\/td>\n<td align=\"center\" bgcolor=\"#54703C\" width=\"53%\" height=\"20\"><span style=\"font-family: Verdana;\">700.000*<\/span><\/td>\n<\/tr>\n<tr>\n<td align=\"center\" bgcolor=\"#305020\" width=\"35%\" height=\"20\"><span style=\"font-family: Verdana;\"><b>Platz 2<\/b><\/span><\/td>\n<td align=\"center\" bgcolor=\"#305020\" width=\"53%\" height=\"20\"><span style=\"font-family: Verdana;\">1.350.000*<\/span><\/td>\n<\/tr>\n<tr>\n<td align=\"center\" bgcolor=\"#54703C\" width=\"35%\" height=\"20\"><span style=\"font-family: Verdana;\"><b>HSV-Pokal-Sieg<\/b><\/span><\/td>\n<td align=\"center\" bgcolor=\"#54703C\" width=\"53%\" height=\"20\"><span style=\"font-family: Verdana;\">2.350.000*\u00a0<\/span><span style=\"font-family: Verdana;\">und nat\u00fcrlich Pokal bei der Meisterfeier!<\/span><\/td>\n<\/tr>\n<tr>\n<td align=\"center\" bgcolor=\"#305020\" width=\"35%\" height=\"20\"><span style=\"font-family: Verdana;\"><b>Auszahlung<\/b><\/span><\/td>\n<td align=\"left\" bgcolor=\"#305020\" width=\"53%\" height=\"20\"><span style=\"font-family: Verdana;\">Die unmarkierten Pr\u00e4mien werden umgehend in der laufenden Saison ausgezahlt. Die mit * markierten Pr\u00e4mien werden erst in der Folgesaison ausgezahlt, da sie am Saisonende den Vereinen kaum nutzen.<\/span><\/td>\n<\/tr>\n<tr>\n<td align=\"center\" bgcolor=\"#54703C\" width=\"35%\" height=\"20\"><span style=\"font-family: Verdana;\"><b>Ansprechpartner\u00a0<\/b><\/span><\/td>\n<td align=\"center\" bgcolor=\"#54703C\" width=\"53%\" height=\"20\">\n<p align=\"center\"><span style=\"font-family: Verdana;\"><a href=\"mailto:TheRyk@herrenabend-sport-verein.de\">TheRyk a.k.a. Roter Stern Kiel 01<\/a><\/span><\/p>\n<\/td>\n<\/tr>\n<\/tbody>\n<\/table>\n","protected":false},"excerpt":{"rendered":"<p>AKTUELLE REGELN &amp; PR\u00c4MIEN I. REGELN Bundesliga-Spieltage, die f\u00fcr den Pokal z\u00e4hlen Vorrunde-HIN: 2.-8. Vorrunde-R\u00dcCK: 10.-16. Relegation: 18.-23. Viertelfinale: 25,26. Halbfinale: 28,29. Platz 3: 31,33. Finale: 32,34. Nicht f\u00fcr den Pokal gewertete Bundesliga-Spieltage\u00a0 1,9,17,24,27,30. Relegation Vor allem bei ungerader Gruppenanzahl ist es n\u00f6tig, eine Relegation auszuspielen. Aktuell qualifizieren sich die Pl\u00e4tze 1 und 2 der &hellip; <a href=\"http:\/\/www.herrenabend-sport-verein.de\/index.php\/pokalregeln\/\" class=\"more-link\"><span class=\"screen-reader-text\">Pokalregeln<\/span> weiterlesen<\/a><\/p>\n","protected":false},"author":1,"featured_media":0,"parent":0,"menu_order":0,"comment_status":"closed","ping_status":"closed","template":"","meta":[],"_links":{"self":[{"href":"http:\/\/www.herrenabend-sport-verein.de\/index.php\/wp-json\/wp\/v2\/pages\/134"}],"collection":[{"href":"http:\/\/www.herrenabend-sport-verein.de\/index.php\/wp-json\/wp\/v2\/pages"}],"about":[{"href":"http:\/\/www.herrenabend-sport-verein.de\/index.php\/wp-json\/wp\/v2\/types\/page"}],"author":[{"embeddable":true,"href":"http:\/\/www.herrenabend-sport-verein.de\/index.php\/wp-json\/wp\/v2\/users\/1"}],"replies":[{"embeddable":true,"href":"http:\/\/www.herrenabend-sport-verein.de\/index.php\/wp-json\/wp\/v2\/comments?post=134"}],"version-history":[{"count":1,"href":"http:\/\/www.herrenabend-sport-verein.de\/index.php\/wp-json\/wp\/v2\/pages\/134\/revisions"}],"predecessor-version":[{"id":135,"href":"http:\/\/www.herrenabend-sport-verein.de\/index.php\/wp-json\/wp\/v2\/pages\/134\/revisions\/135"}],"wp:attachment":[{"href":"http:\/\/www.herrenabend-sport-verein.de\/index.php\/wp-json\/wp\/v2\/media?parent=134"}],"curies":[{"name":"wp","href":"https:\/\/api.w.org\/{rel}","templated":true}]}}